{"id":528,"date":"2026-01-26T18:40:57","date_gmt":"2026-01-26T16:40:57","guid":{"rendered":"https:\/\/www.connectez-moi.fr\/?page_id=528"},"modified":"2026-01-26T18:41:52","modified_gmt":"2026-01-26T16:41:52","slug":"politique-des-cookies","status":"publish","type":"page","link":"https:\/\/www.connectez-moi.fr\/index.php\/politique-des-cookies\/","title":{"rendered":"Politique des cookies"},"content":{"rendered":"\t\t<div data-elementor-type=\"wp-page\" data-elementor-id=\"528\" class=\"elementor elementor-528\">\n\t\t\t\t\t\t<section class=\"elementor-section elementor-top-section elementor-element elementor-element-0358b77 elementor-section-boxed elementor-section-height-default elementor-section-height-default wpr-particle-no wpr-jarallax-no wpr-parallax-no wpr-sticky-section-no\" data-id=\"0358b77\" data-element_type=\"section\" data-e-type=\"section\">\n\t\t\t\t\t\t<div class=\"elementor-container elementor-column-gap-default\">\n\t\t\t\t\t<div class=\"elementor-column elementor-col-100 elementor-top-column elementor-element elementor-element-c6ce598\" data-id=\"c6ce598\" data-element_type=\"column\" data-e-type=\"column\">\n\t\t\t<div class=\"elementor-widget-wrap elementor-element-populated\">\n\t\t\t\t\t\t<div class=\"elementor-element elementor-element-b88a968 elementor-widget elementor-widget-spacer\" data-id=\"b88a968\" data-element_type=\"widget\" data-e-type=\"widget\" data-widget_type=\"spacer.default\">\n\t\t\t\t\t\t\t<div class=\"elementor-spacer\">\n\t\t\t<div class=\"elementor-spacer-inner\"><\/div>\n\t\t<\/div>\n\t\t\t\t\t\t<\/div>\n\t\t\t\t<div class=\"elementor-element elementor-element-bb54c7b elementor-widget elementor-widget-heading\" data-id=\"bb54c7b\" data-element_type=\"widget\" data-e-type=\"widget\" data-widget_type=\"heading.default\">\n\t\t\t\t\t<h2 class=\"elementor-heading-title elementor-size-default\">Politique des cookies<\/h2>\t\t\t\t<\/div>\n\t\t\t\t<div class=\"elementor-element elementor-element-141d598 elementor-widget elementor-widget-spacer\" data-id=\"141d598\" data-element_type=\"widget\" data-e-type=\"widget\" data-widget_type=\"spacer.default\">\n\t\t\t\t\t\t\t<div class=\"elementor-spacer\">\n\t\t\t<div class=\"elementor-spacer-inner\"><\/div>\n\t\t<\/div>\n\t\t\t\t\t\t<\/div>\n\t\t\t\t<div class=\"elementor-element elementor-element-8428e5a elementor-widget elementor-widget-text-editor\" data-id=\"8428e5a\" data-element_type=\"widget\" data-e-type=\"widget\" data-widget_type=\"text-editor.default\">\n\t\t\t\t\t\t\t\t\t<p style=\"font-weight: 400;\">Pour \u00eatre en totale conformit\u00e9 avec les directives de la <strong>CNIL<\/strong> et du <strong>RGPD<\/strong>, notre banni\u00e8re ne doit pas seulement informer, elle doit offrir un choix r\u00e9el (le bouton \u00ab\u00a0Tout refuser\u00a0\u00bb doit \u00eatre aussi visible que le \u00ab\u00a0Tout accepter\u00a0\u00bb).<\/p><p style=\"font-weight: 400;\">Voici le texte et la structure que je pr\u00e9conise pour <strong>connectez-moi.fr<\/strong>.<\/p><p style=\"font-weight: 400;\">\u00a0<\/p><p style=\"font-weight: 400;\"><strong>\ud83c\udf6a STRUCTURE DE LA BANNI\u00c8RE COOKIES<\/strong><\/p><p style=\"font-weight: 400;\"><strong>Titre :<\/strong> \ud83c\udf10 Votre connexion, vos donn\u00e9es.<\/p><p style=\"font-weight: 400;\"><strong>Texte principal :<\/strong><\/p><p style=\"font-weight: 400;\">Nous utilisons des cookies pour optimiser votre exp\u00e9rience sur <strong>connectez-moi.fr<\/strong>. Certains sont indispensables au fonctionnement technique (gestion de votre panier, activation de la technologie CloudSIM), tandis que d&rsquo;autres nous permettent de mesurer l&rsquo;audience et de vous proposer des offres adapt\u00e9es \u00e0 vos besoins en connectivit\u00e9.<\/p><p style=\"font-weight: 400;\">Vous pouvez personnaliser vos choix ou tout accepter pour profiter pleinement de notre service.<\/p><p style=\"font-weight: 400;\"><strong>Les Boutons (\u00e0 placer sur la m\u00eame ligne ou colonne) :<\/strong><\/p><ol style=\"font-weight: 400;\"><li><strong>[ Tout accepter ]<\/strong> (Couleur vive \/ Action principale)<\/li><li><strong>[ Tout refuser ]<\/strong> (Couleur neutre \/ M\u00eame taille que \u00ab\u00a0Accepter\u00a0\u00bb)<\/li><li><strong>[ Personnaliser ]<\/strong> (Lien texte ou bouton discret)<\/li><\/ol><p style=\"font-weight: 400;\"><strong>\u2699\ufe0f LE MODULE DE PERSONNALISATION (Si l&rsquo;utilisateur clique sur \u00ab\u00a0Personnaliser\u00a0\u00bb)<\/strong><\/p><p style=\"font-weight: 400;\">Si l&rsquo;utilisateur souhaite choisir, vous devez lui pr\u00e9senter ces trois cat\u00e9gories avec des interrupteurs (Toggles) :<\/p><ol style=\"font-weight: 400;\"><li><strong>Cookies N\u00e9cessaires (Toujours activ\u00e9s) :<\/strong><ul><li><em>Description :<\/em> Indispensables pour naviguer sur le site, s\u00e9curiser votre paiement et activer votre profil CloudSIM. Sans eux, le service ne peut fonctionner.<\/li><\/ul><\/li><li><strong>Mesure d&rsquo;audience (Optionnel) :<\/strong><ul><li><em>Description :<\/em> Nous permettent d&rsquo;analyser le trafic (ex: Google Analytics anonymis\u00e9) pour am\u00e9liorer l&rsquo;ergonomie du site et nos performances \u00e0 Marseille et partout en France.<\/li><\/ul><\/li><li><strong>Publicit\u00e9 &amp; R\u00e9seaux Sociaux (Optionnel) :<\/strong><ul><li><em>Description :<\/em> Utilis\u00e9s pour vous afficher des rappels de rechargement data ou des offres promotionnelles sur nos r\u00e9seaux partenaires apr\u00e8s votre visite.<\/li><\/ul><\/li><\/ol>\t\t\t\t\t\t\t\t<\/div>\n\t\t\t\t\t<\/div>\n\t\t<\/div>\n\t\t\t\t\t<\/div>\n\t\t<\/section>\n\t\t\t\t<\/div>\n\t\t","protected":false},"excerpt":{"rendered":"<p>Politique des cookies Pour \u00eatre en totale conformit\u00e9 avec les directives de la CNIL et du RGPD, notre banni\u00e8re ne doit pas seulement informer, elle doit offrir un choix r\u00e9el (le bouton \u00ab\u00a0Tout refuser\u00a0\u00bb doit \u00eatre aussi visible que le \u00ab\u00a0Tout accepter\u00a0\u00bb). Voici le texte et la structure que je pr\u00e9conise pour connectez-moi.fr. \u00a0 \ud83c\udf6a STRUCTURE DE LA BANNI\u00c8RE COOKIES Titre : \ud83c\udf10 Votre connexion, vos donn\u00e9es. Texte principal : Nous utilisons des cookies pour optimiser votre exp\u00e9rience sur connectez-moi.fr. Certains sont indispensables au fonctionnement technique (gestion de votre panier, activation de la technologie CloudSIM), tandis que d&rsquo;autres nous permettent de mesurer l&rsquo;audience et de vous proposer des offres adapt\u00e9es \u00e0 vos besoins en connectivit\u00e9. Vous pouvez personnaliser vos choix ou tout accepter pour profiter pleinement de notre service. Les Boutons (\u00e0 placer sur la m\u00eame ligne ou colonne) : [ Tout accepter ] (Couleur vive \/ Action principale) [ Tout refuser ] (Couleur neutre \/ M\u00eame taille que \u00ab\u00a0Accepter\u00a0\u00bb) [ Personnaliser ] (Lien texte ou bouton discret) \u2699\ufe0f LE MODULE DE PERSONNALISATION (Si l&rsquo;utilisateur clique sur \u00ab\u00a0Personnaliser\u00a0\u00bb) Si l&rsquo;utilisateur souhaite choisir, vous devez lui pr\u00e9senter ces trois cat\u00e9gories avec des interrupteurs (Toggles) : Cookies N\u00e9cessaires (Toujours activ\u00e9s) : Description : Indispensables pour naviguer sur le site, s\u00e9curiser votre paiement et activer votre profil CloudSIM. Sans eux, le service ne peut fonctionner. Mesure d&rsquo;audience (Optionnel) : Description : Nous permettent d&rsquo;analyser le trafic (ex: Google Analytics anonymis\u00e9) pour am\u00e9liorer l&rsquo;ergonomie du site et nos performances \u00e0 Marseille et partout en France. Publicit\u00e9 &amp; R\u00e9seaux Sociaux (Optionnel) : Description : Utilis\u00e9s pour vous afficher des rappels de rechargement data ou des offres promotionnelles sur nos r\u00e9seaux partenaires apr\u00e8s votre visite.<\/p>\n","protected":false},"author":1,"featured_media":0,"parent":0,"menu_order":0,"comment_status":"closed","ping_status":"closed","template":"","meta":{"footnotes":""},"class_list":["post-528","page","type-page","status-publish","hentry"],"_links":{"self":[{"href":"https:\/\/www.connectez-moi.fr\/index.php\/wp-json\/wp\/v2\/pages\/528","targetHints":{"allow":["GET"]}}],"collection":[{"href":"https:\/\/www.connectez-moi.fr\/index.php\/wp-json\/wp\/v2\/pages"}],"about":[{"href":"https:\/\/www.connectez-moi.fr\/index.php\/wp-json\/wp\/v2\/types\/page"}],"author":[{"embeddable":true,"href":"https:\/\/www.connectez-moi.fr\/index.php\/wp-json\/wp\/v2\/users\/1"}],"replies":[{"embeddable":true,"href":"https:\/\/www.connectez-moi.fr\/index.php\/wp-json\/wp\/v2\/comments?post=528"}],"version-history":[{"count":4,"href":"https:\/\/www.connectez-moi.fr\/index.php\/wp-json\/wp\/v2\/pages\/528\/revisions"}],"predecessor-version":[{"id":532,"href":"https:\/\/www.connectez-moi.fr\/index.php\/wp-json\/wp\/v2\/pages\/528\/revisions\/532"}],"wp:attachment":[{"href":"https:\/\/www.connectez-moi.fr\/index.php\/wp-json\/wp\/v2\/media?parent=528"}],"curies":[{"name":"wp","href":"https:\/\/api.w.org\/{rel}","templated":true}]}}