{"id":287,"date":"2026-01-16T17:51:07","date_gmt":"2026-01-16T15:51:07","guid":{"rendered":"https:\/\/www.connectez-moi.fr\/?post_type=product&#038;p=287"},"modified":"2026-01-18T01:09:36","modified_gmt":"2026-01-17T23:09:36","slug":"livesim-pro","status":"publish","type":"product","link":"https:\/\/www.connectez-moi.fr\/index.php\/produit\/livesim-pro\/","title":{"rendered":"LiveSIM Pro"},"content":{"rendered":"","protected":false},"excerpt":{"rendered":"<div class=\"elementor-element elementor-element-2a26f16 elementor-widget elementor-widget-heading\" data-id=\"2a26f16\" data-element_type=\"widget\" data-widget_type=\"heading.default\">\n<h2 class=\"elementor-heading-title elementor-size-default\">LiveSIM Pro<\/h2>\n<\/div>\n<div class=\"elementor-element elementor-element-7ec0c81 elementor-widget elementor-widget-text-editor\" data-id=\"7ec0c81\" data-element_type=\"widget\" data-widget_type=\"text-editor.default\">\n<p>Solution professionnelle de connectivit\u00e9 temporaire ou saisonni\u00e8re pour PME et t\u00e9l\u00e9travailleurs exigeants. Failover inclus. VPN, adresse IP fixe et antenne omnidirectionnelle 5G, en option<\/p>\n<\/div>\n<div class=\"elementor-element elementor-element-789a865 elementor-icon-list--layout-traditional elementor-list-item-link-full_width elementor-widget elementor-widget-icon-list\" data-id=\"789a865\" data-element_type=\"widget\" data-widget_type=\"icon-list.default\">\n<ul class=\"elementor-icon-list-items\">\n<li class=\"elementor-icon-list-item\"><span class=\"elementor-icon-list-text\">1 Gbps max (5G)<\/span><\/li>\n<li class=\"elementor-icon-list-item\"><span class=\"elementor-icon-list-text\">WiFi 6 (802.11ax)<\/span><\/li>\n<li class=\"elementor-icon-list-item\"><span class=\"elementor-icon-list-text\">64 appareils con<\/span><span class=\"elementor-icon-list-text\">nect\u00e9s<\/span><\/li>\n<li class=\"elementor-icon-list-item\"><span class=\"elementor-icon-list-text\">Port Ethernet Gigabit<\/span><\/li>\n<\/ul>\n<\/div>\n","protected":false},"featured_media":417,"comment_status":"open","ping_status":"closed","template":"","meta":[],"product_brand":[],"product_cat":[21],"product_tag":[],"class_list":{"0":"post-287","1":"product","2":"type-product","3":"status-publish","4":"has-post-thumbnail","6":"product_cat-routeur-5g","8":"first","9":"instock","10":"shipping-taxable","11":"purchasable","12":"product-type-simple"},"_links":{"self":[{"href":"https:\/\/www.connectez-moi.fr\/index.php\/wp-json\/wp\/v2\/product\/287","targetHints":{"allow":["GET"]}}],"collection":[{"href":"https:\/\/www.connectez-moi.fr\/index.php\/wp-json\/wp\/v2\/product"}],"about":[{"href":"https:\/\/www.connectez-moi.fr\/index.php\/wp-json\/wp\/v2\/types\/product"}],"replies":[{"embeddable":true,"href":"https:\/\/www.connectez-moi.fr\/index.php\/wp-json\/wp\/v2\/comments?post=287"}],"wp:featuredmedia":[{"embeddable":true,"href":"https:\/\/www.connectez-moi.fr\/index.php\/wp-json\/wp\/v2\/media\/417"}],"wp:attachment":[{"href":"https:\/\/www.connectez-moi.fr\/index.php\/wp-json\/wp\/v2\/media?parent=287"}],"wp:term":[{"taxonomy":"product_brand","embeddable":true,"href":"https:\/\/www.connectez-moi.fr\/index.php\/wp-json\/wp\/v2\/product_brand?post=287"},{"taxonomy":"product_cat","embeddable":true,"href":"https:\/\/www.connectez-moi.fr\/index.php\/wp-json\/wp\/v2\/product_cat?post=287"},{"taxonomy":"product_tag","embeddable":true,"href":"https:\/\/www.connectez-moi.fr\/index.php\/wp-json\/wp\/v2\/product_tag?post=287"}],"curies":[{"name":"wp","href":"https:\/\/api.w.org\/{rel}","templated":true}]}}