{"id":288,"date":"2026-01-16T17:51:24","date_gmt":"2026-01-16T15:51:24","guid":{"rendered":"https:\/\/www.connectez-moi.fr\/?post_type=product&#038;p=288"},"modified":"2026-02-17T20:15:55","modified_gmt":"2026-02-17T18:15:55","slug":"livesim-enterprise","status":"publish","type":"product","link":"https:\/\/www.connectez-moi.fr\/index.php\/produit\/livesim-enterprise\/","title":{"rendered":"LiveSIM Entreprise"},"content":{"rendered":"","protected":false},"excerpt":{"rendered":"<div class=\"elementor-element elementor-element-138d2c2 elementor-widget elementor-widget-heading\" data-id=\"138d2c2\" data-element_type=\"widget\" data-widget_type=\"heading.default\">\n<h1 class=\"elementor-heading-title elementor-size-default\">LiveSIM Enterprise<\/h1>\n<\/div>\n<div class=\"elementor-element elementor-element-9dd2070 elementor-widget elementor-widget-text-editor\" data-id=\"9dd2070\" data-element_type=\"widget\" data-widget_type=\"text-editor.default\">\n<p>Solution de connectivit\u00e9 rackable pour entreprise avec haute disponibilit\u00e9, multi-op\u00e9rateurs avec VPN, IP Fixe, Failover inclus. Support 24\/7 sur abonnement<\/p>\n<\/div>\n<div class=\"elementor-element elementor-element-ad97f44 elementor-icon-list--layout-traditional elementor-list-item-link-full_width elementor-widget elementor-widget-icon-list\" data-id=\"ad97f44\" data-element_type=\"widget\" data-widget_type=\"icon-list.default\">\n<ul class=\"elementor-icon-list-items\">\n<li class=\"elementor-icon-list-item\"><span class=\"elementor-icon-list-text\">Agr\u00e9gation multi-liens<\/span><\/li>\n<li class=\"elementor-icon-list-item\"><span class=\"elementor-icon-list-text\">Failover automatique<\/span><\/li>\n<li class=\"elementor-icon-list-item\"><span class=\"elementor-icon-list-text\">VPN int\u00e9gr\u00e9<\/span><\/li>\n<li class=\"elementor-icon-list-item\"><span class=\"elementor-icon-list-text\">SLA 99.99%<\/span><\/li>\n<\/ul>\n<\/div>\n","protected":false},"featured_media":398,"comment_status":"open","ping_status":"closed","template":"","meta":[],"product_brand":[],"product_cat":[21],"product_tag":[],"class_list":{"0":"post-288","1":"product","2":"type-product","3":"status-publish","4":"has-post-thumbnail","6":"product_cat-routeur-5g","8":"first","9":"instock","10":"shipping-taxable","11":"purchasable","12":"product-type-simple"},"_links":{"self":[{"href":"https:\/\/www.connectez-moi.fr\/index.php\/wp-json\/wp\/v2\/product\/288","targetHints":{"allow":["GET"]}}],"collection":[{"href":"https:\/\/www.connectez-moi.fr\/index.php\/wp-json\/wp\/v2\/product"}],"about":[{"href":"https:\/\/www.connectez-moi.fr\/index.php\/wp-json\/wp\/v2\/types\/product"}],"replies":[{"embeddable":true,"href":"https:\/\/www.connectez-moi.fr\/index.php\/wp-json\/wp\/v2\/comments?post=288"}],"wp:featuredmedia":[{"embeddable":true,"href":"https:\/\/www.connectez-moi.fr\/index.php\/wp-json\/wp\/v2\/media\/398"}],"wp:attachment":[{"href":"https:\/\/www.connectez-moi.fr\/index.php\/wp-json\/wp\/v2\/media?parent=288"}],"wp:term":[{"taxonomy":"product_brand","embeddable":true,"href":"https:\/\/www.connectez-moi.fr\/index.php\/wp-json\/wp\/v2\/product_brand?post=288"},{"taxonomy":"product_cat","embeddable":true,"href":"https:\/\/www.connectez-moi.fr\/index.php\/wp-json\/wp\/v2\/product_cat?post=288"},{"taxonomy":"product_tag","embeddable":true,"href":"https:\/\/www.connectez-moi.fr\/index.php\/wp-json\/wp\/v2\/product_tag?post=288"}],"curies":[{"name":"wp","href":"https:\/\/api.w.org\/{rel}","templated":true}]}}